{"id":4489,"date":"2024-12-11T11:03:24","date_gmt":"2024-12-11T19:03:24","guid":{"rendered":"https:\/\/valleyviewcasino.com\/los-restaurantes\/corner-market\/"},"modified":"2026-02-02T17:00:23","modified_gmt":"2026-02-03T01:00:23","slug":"corner-market","status":"publish","type":"page","link":"https:\/\/valleyviewcasino.com\/es\/los-restaurantes\/corner-market\/","title":{"rendered":"Corner Market"},"content":{"rendered":"\t\t<div data-elementor-type=\"wp-page\" data-elementor-id=\"4489\" class=\"elementor elementor-4489 elementor-568\" data-elementor-post-type=\"page\">\n\t\t\t\t<div class=\"elementor-element elementor-element-f4a0096 e-con-full hero-child-pages e-flex e-con e-parent\" data-id=\"f4a0096\" data-element_type=\"container\" data-settings=\"{&quot;background_background&quot;:&quot;classic&quot;}\">\n\t\t<div class=\"elementor-element elementor-element-648d64e e-flex e-con-boxed e-con e-child\" data-id=\"648d64e\" data-element_type=\"container\">\n\t\t\t\t\t<div class=\"e-con-inner\">\n\t\t\t\t<div class=\"elementor-element elementor-element-6d30b7f gradient-text elementor-invisible elementor-widget elementor-widget-heading\" data-id=\"6d30b7f\" data-element_type=\"widget\" data-settings=\"{&quot;_animation&quot;:&quot;fadeInUp&quot;}\" data-widget_type=\"heading.default\">\n\t\t\t\t<div class=\"elementor-widget-container\">\n\t\t\t\t\t<h1 class=\"elementor-heading-title elementor-size-default\">Corner Market<\/h1>\t\t\t\t<\/div>\n\t\t\t\t<\/div>\n\t\t\t\t\t<\/div>\n\t\t\t\t<\/div>\n\t\t\t\t<\/div>\n\t\t<div class=\"elementor-element elementor-element-ff64045 e-con-full e-flex e-con e-child\" data-id=\"ff64045\" data-element_type=\"container\">\n\t\t<div class=\"elementor-element elementor-element-9a8dfd9 e-flex e-con-boxed e-con e-child\" data-id=\"9a8dfd9\" data-element_type=\"container\">\n\t\t\t\t\t<div class=\"e-con-inner\">\n\t\t<div class=\"elementor-element elementor-element-f7d8592 e-con-full e-flex elementor-invisible e-con e-child\" data-id=\"f7d8592\" data-element_type=\"container\" data-settings=\"{&quot;animation&quot;:&quot;fadeInLeft&quot;,&quot;animation_tablet&quot;:&quot;fadeIn&quot;}\">\n\t\t\t\t<div class=\"elementor-element elementor-element-b780de2 elementor-widget elementor-widget-image\" data-id=\"b780de2\" data-element_type=\"widget\" data-widget_type=\"image.default\">\n\t\t\t\t<div class=\"elementor-widget-container\">\n\t\t\t\t\t\t\t\t\t\t\t\t\t\t\t<img fetchpriority=\"high\" decoding=\"async\" width=\"800\" height=\"688\" src=\"https:\/\/valleyviewcasino.com\/wp-content\/uploads\/2025\/04\/Corner-Market-Logo_Final-1024x881.png\" class=\"attachment-large size-large wp-image-4808\" alt=\"\" srcset=\"https:\/\/valleyviewcasino.com\/wp-content\/uploads\/2025\/04\/Corner-Market-Logo_Final-1024x881.png 1024w, https:\/\/valleyviewcasino.com\/wp-content\/uploads\/2025\/04\/Corner-Market-Logo_Final-300x258.png 300w, https:\/\/valleyviewcasino.com\/wp-content\/uploads\/2025\/04\/Corner-Market-Logo_Final-768x661.png 768w, https:\/\/valleyviewcasino.com\/wp-content\/uploads\/2025\/04\/Corner-Market-Logo_Final-1536x1322.png 1536w, https:\/\/valleyviewcasino.com\/wp-content\/uploads\/2025\/04\/Corner-Market-Logo_Final.png 1812w\" sizes=\"(max-width: 800px) 100vw, 800px\" \/>\t\t\t\t\t\t\t\t\t\t\t\t\t\t\t<\/div>\n\t\t\t\t<\/div>\n\t\t\t\t<div class=\"elementor-element elementor-element-ebb1af7 elementor-widget elementor-widget-heading\" data-id=\"ebb1af7\" data-element_type=\"widget\" data-widget_type=\"heading.default\">\n\t\t\t\t<div class=\"elementor-widget-container\">\n\t\t\t\t\t<h2 class=\"elementor-heading-title elementor-size-default\">SERVICIO R\u00c1PIDO, PARA LLEVAR<\/h2>\t\t\t\t<\/div>\n\t\t\t\t<\/div>\n\t\t\t\t<div class=\"elementor-element elementor-element-50f5747 elementor-widget elementor-widget-text-editor\" data-id=\"50f5747\" data-element_type=\"widget\" data-widget_type=\"text-editor.default\">\n\t\t\t\t<div class=\"elementor-widget-container\">\n\t\t\t\t\t\t\t\t\t<p>The Corner Market es el lugar perfecto para comida r\u00e1pida y comida para llevar y tiene una variedad de opciones como ensaladas reci\u00e9n hechas, deliciosos s\u00e1ndwiches y una variedad de comidas calientes como pizza con queso, sabrosas empanadas y los cl\u00e1sicos corn dogs.<\/p>\t\t\t\t\t\t\t\t<\/div>\n\t\t\t\t<\/div>\n\t\t\t\t<\/div>\n\t\t<div class=\"elementor-element elementor-element-0954135 vv-dining-slider__container e-flex e-con-boxed elementor-invisible e-con e-child\" data-id=\"0954135\" data-element_type=\"container\" data-settings=\"{&quot;animation&quot;:&quot;fadeInRight&quot;,&quot;animation_tablet&quot;:&quot;fadeIn&quot;}\">\n\t\t\t\t\t<div class=\"e-con-inner\">\n\t\t\t\t<div class=\"elementor-element elementor-element-d3263f1 vv_dining__slider elementor-widget-tablet__width-initial elementor-widget elementor-widget-image-carousel\" data-id=\"d3263f1\" data-element_type=\"widget\" data-settings=\"{&quot;slides_to_show&quot;:&quot;1&quot;,&quot;slides_to_show_tablet&quot;:&quot;1&quot;,&quot;navigation&quot;:&quot;none&quot;,&quot;effect&quot;:&quot;fade&quot;,&quot;autoplay_speed&quot;:4000,&quot;autoplay&quot;:&quot;yes&quot;,&quot;pause_on_hover&quot;:&quot;yes&quot;,&quot;pause_on_interaction&quot;:&quot;yes&quot;,&quot;infinite&quot;:&quot;yes&quot;,&quot;speed&quot;:500}\" data-widget_type=\"image-carousel.default\">\n\t\t\t\t<div class=\"elementor-widget-container\">\n\t\t\t\t\t\t\t<div class=\"elementor-image-carousel-wrapper swiper\" role=\"region\" aria-roledescription=\"carousel\" aria-label=\"Cafe Carousel\" dir=\"ltr\">\n\t\t\t<div class=\"elementor-image-carousel swiper-wrapper\" aria-live=\"off\">\n\t\t\t\t\t\t\t\t<div class=\"swiper-slide\" role=\"group\" aria-roledescription=\"slide\" aria-label=\"1 de 7\"><figure class=\"swiper-slide-inner\"><img decoding=\"async\" class=\"swiper-slide-image\" src=\"https:\/\/valleyviewcasino.com\/wp-content\/uploads\/2025\/04\/Wings-new-Background-Flat-1.jpg\" alt=\"Wings-new Background Flat\" \/><\/figure><\/div><div class=\"swiper-slide\" role=\"group\" aria-roledescription=\"slide\" aria-label=\"2 de 7\"><figure class=\"swiper-slide-inner\"><img decoding=\"async\" class=\"swiper-slide-image\" src=\"https:\/\/valleyviewcasino.com\/wp-content\/uploads\/2025\/04\/Corner-Market_image-1.jpg\" alt=\"Corner Market_image 1\" \/><\/figure><\/div><div class=\"swiper-slide\" role=\"group\" aria-roledescription=\"slide\" aria-label=\"3 de 7\"><figure class=\"swiper-slide-inner\"><img decoding=\"async\" class=\"swiper-slide-image\" src=\"https:\/\/valleyviewcasino.com\/wp-content\/uploads\/2025\/04\/shutterstock_1027257016-1.jpg\" alt=\"shutterstock_1027257016\" \/><\/figure><\/div><div class=\"swiper-slide\" role=\"group\" aria-roledescription=\"slide\" aria-label=\"4 de 7\"><figure class=\"swiper-slide-inner\"><img decoding=\"async\" class=\"swiper-slide-image\" src=\"https:\/\/valleyviewcasino.com\/wp-content\/uploads\/2025\/04\/Corner-Market_image-3.jpg\" alt=\"Corner Market_image 3\" \/><\/figure><\/div><div class=\"swiper-slide\" role=\"group\" aria-roledescription=\"slide\" aria-label=\"5 de 7\"><figure class=\"swiper-slide-inner\"><img decoding=\"async\" class=\"swiper-slide-image\" src=\"https:\/\/valleyviewcasino.com\/wp-content\/uploads\/2025\/04\/Turkey-Wrap-Flat.jpg\" alt=\"Turkey Wrap Flat\" \/><\/figure><\/div><div class=\"swiper-slide\" role=\"group\" aria-roledescription=\"slide\" aria-label=\"6 de 7\"><figure class=\"swiper-slide-inner\"><img decoding=\"async\" class=\"swiper-slide-image\" src=\"https:\/\/valleyviewcasino.com\/wp-content\/uploads\/2025\/04\/Corner-Marlet_image-2.jpg\" alt=\"Corner Marlet_image 2\" \/><\/figure><\/div><div class=\"swiper-slide\" role=\"group\" aria-roledescription=\"slide\" aria-label=\"7 de 7\"><figure class=\"swiper-slide-inner\"><img decoding=\"async\" class=\"swiper-slide-image\" src=\"https:\/\/valleyviewcasino.com\/wp-content\/uploads\/2025\/04\/Wings-new-Background-Flat-1.jpg\" alt=\"Wings-new Background Flat\" \/><\/figure><\/div>\t\t\t<\/div>\n\t\t\t\t\t\t\t\n\t\t\t\t\t\t\t\t\t<\/div>\n\t\t\t\t\t\t<\/div>\n\t\t\t\t<\/div>\n\t\t\t\t\t<\/div>\n\t\t\t\t<\/div>\n\t\t\t\t\t<\/div>\n\t\t\t\t<\/div>\n\t\t\t\t<\/div>\n\t\t<div class=\"elementor-element elementor-element-c3740d5 vv_restaurant-info__container e-flex e-con-boxed e-con e-parent\" data-id=\"c3740d5\" data-element_type=\"container\">\n\t\t\t\t\t<div class=\"e-con-inner\">\n\t\t<div class=\"elementor-element elementor-element-6b299e2 e-flex e-con-boxed e-con e-child\" data-id=\"6b299e2\" data-element_type=\"container\">\n\t\t\t\t\t<div class=\"e-con-inner\">\n\t\t<div class=\"elementor-element elementor-element-eca14c8 e-con-full e-flex elementor-invisible e-con e-child\" data-id=\"eca14c8\" data-element_type=\"container\" data-settings=\"{&quot;animation&quot;:&quot;fadeInLeft&quot;}\">\n\t\t\t\t<div class=\"elementor-element elementor-element-d9a8c6b elementor-widget elementor-widget-text-editor\" data-id=\"d9a8c6b\" data-element_type=\"widget\" data-widget_type=\"text-editor.default\">\n\t\t\t\t<div class=\"elementor-widget-container\">\n\t\t\t\t\t\t\t\t\t<h4>Horas<\/h4><p>Domingo-Mi\u00e9rcoles | 11:00am-11:00pm<br>Jueves-S\u00e1bado | 11:00am-2:00am<\/p>\t\t\t\t\t\t\t\t<\/div>\n\t\t\t\t<\/div>\n\t\t\t\t<\/div>\n\t\t<div class=\"elementor-element elementor-element-eeebb5b e-con-full e-flex elementor-invisible e-con e-child\" data-id=\"eeebb5b\" data-element_type=\"container\" data-settings=\"{&quot;animation&quot;:&quot;fadeInRight&quot;}\">\n\t\t\t\t<div class=\"elementor-element elementor-element-7be8889 elementor-widget elementor-widget-text-editor\" data-id=\"7be8889\" data-element_type=\"widget\" data-widget_type=\"text-editor.default\">\n\t\t\t\t<div class=\"elementor-widget-container\">\n\t\t\t\t\t\t\t\t\t<h4>Comida R\u00e1pida y Comida Para Llevar<\/h4>\t\t\t\t\t\t\t\t<\/div>\n\t\t\t\t<\/div>\n\t\t\t\t<div class=\"elementor-element elementor-element-62300fe elementor-align-center elementor-widget elementor-widget-button\" data-id=\"62300fe\" data-element_type=\"widget\" data-widget_type=\"button.default\">\n\t\t\t\t<div class=\"elementor-widget-container\">\n\t\t\t\t\t\t\t\t\t<div class=\"elementor-button-wrapper\">\n\t\t\t\t\t<a class=\"elementor-button elementor-button-link elementor-size-sm\" href=\"https:\/\/valleyviewcasino.com\/wp-content\/uploads\/2026\/02\/Corner-Market-Menu-02022026.pdf\">\n\t\t\t\t\t\t<span class=\"elementor-button-content-wrapper\">\n\t\t\t\t\t\t\t\t\t<span class=\"elementor-button-text\">Ver Men\u00fa<\/span>\n\t\t\t\t\t<\/span>\n\t\t\t\t\t<\/a>\n\t\t\t\t<\/div>\n\t\t\t\t\t\t\t\t<\/div>\n\t\t\t\t<\/div>\n\t\t\t\t<\/div>\n\t\t\t\t\t<\/div>\n\t\t\t\t<\/div>\n\t\t\t\t\t<\/div>\n\t\t\t\t<\/div>\n\t\t\t\t<\/div>\n\t\t","protected":false},"excerpt":{"rendered":"<p>SERVICIO R\u00c1PIDO, PARA LLEVAR The Corner Market es el lugar perfecto para comida r\u00e1pida y comida para llevar y tiene una variedad de opciones como ensaladas reci\u00e9n hechas, deliciosos s\u00e1ndwiches [&hellip;]<\/p>\n","protected":false},"author":2,"featured_media":4299,"parent":4455,"menu_order":0,"comment_status":"closed","ping_status":"closed","template":"","meta":{"_acf_changed":false,"inline_featured_image":false,"footnotes":""},"class_list":["post-4489","page","type-page","status-publish","has-post-thumbnail","hentry"],"acf":[],"_links":{"self":[{"href":"https:\/\/valleyviewcasino.com\/es\/wp-json\/wp\/v2\/pages\/4489","targetHints":{"allow":["GET"]}}],"collection":[{"href":"https:\/\/valleyviewcasino.com\/es\/wp-json\/wp\/v2\/pages"}],"about":[{"href":"https:\/\/valleyviewcasino.com\/es\/wp-json\/wp\/v2\/types\/page"}],"author":[{"embeddable":true,"href":"https:\/\/valleyviewcasino.com\/es\/wp-json\/wp\/v2\/users\/2"}],"replies":[{"embeddable":true,"href":"https:\/\/valleyviewcasino.com\/es\/wp-json\/wp\/v2\/comments?post=4489"}],"version-history":[{"count":7,"href":"https:\/\/valleyviewcasino.com\/es\/wp-json\/wp\/v2\/pages\/4489\/revisions"}],"predecessor-version":[{"id":11627,"href":"https:\/\/valleyviewcasino.com\/es\/wp-json\/wp\/v2\/pages\/4489\/revisions\/11627"}],"up":[{"embeddable":true,"href":"https:\/\/valleyviewcasino.com\/es\/wp-json\/wp\/v2\/pages\/4455"}],"wp:featuredmedia":[{"embeddable":true,"href":"https:\/\/valleyviewcasino.com\/es\/wp-json\/wp\/v2\/media\/4299"}],"wp:attachment":[{"href":"https:\/\/valleyviewcasino.com\/es\/wp-json\/wp\/v2\/media?parent=4489"}],"curies":[{"name":"wp","href":"https:\/\/api.w.org\/{rel}","templated":true}]}}