{"id":4628,"date":"2024-12-10T17:07:09","date_gmt":"2024-12-11T01:07:09","guid":{"rendered":"https:\/\/valleyviewcasino.com\/san-pasqual-band\/"},"modified":"2025-05-01T07:18:55","modified_gmt":"2025-05-01T14:18:55","slug":"san-pasqual-band","status":"publish","type":"page","link":"https:\/\/valleyviewcasino.com\/es\/acerca-de\/san-pasqual-band\/","title":{"rendered":"San Pasqual Band"},"content":{"rendered":"\t\t<div data-elementor-type=\"wp-page\" data-elementor-id=\"4628\" class=\"elementor elementor-4628 elementor-232\" data-elementor-post-type=\"page\">\n\t\t\t\t<div class=\"elementor-element elementor-element-c1be6ce e-flex e-con-boxed elementor-invisible e-con e-parent\" data-id=\"c1be6ce\" data-element_type=\"container\" data-settings=\"{&quot;animation&quot;:&quot;fadeInLeft&quot;}\">\n\t\t\t\t\t<div class=\"e-con-inner\">\n\t\t<div class=\"elementor-element elementor-element-d331cbf e-flex e-con-boxed e-con e-child\" data-id=\"d331cbf\" data-element_type=\"container\">\n\t\t\t\t\t<div class=\"e-con-inner\">\n\t\t\t\t<div class=\"elementor-element elementor-element-d373a9d gradient-text elementor-widget elementor-widget-heading\" data-id=\"d373a9d\" data-element_type=\"widget\" data-widget_type=\"heading.default\">\n\t\t\t\t<div class=\"elementor-widget-container\">\n\t\t\t\t\t<h1 class=\"elementor-heading-title elementor-size-default\">San Pasqual Band of Mission Indians<\/h1>\t\t\t\t<\/div>\n\t\t\t\t<\/div>\n\t\t\t\t<div class=\"elementor-element elementor-element-b32f176 elementor-widget elementor-widget-text-editor\" data-id=\"b32f176\" data-element_type=\"widget\" data-widget_type=\"text-editor.default\">\n\t\t\t\t<div class=\"elementor-widget-container\">\n\t\t\t\t\t\t\t\t\t<p>Valley View Casino &amp; Hotel ha sido una visi\u00f3n de San Pasqual Band of Mission Indians durante muchos a\u00f1os y la gran inauguraci\u00f3n el 18 de abril de 2001 marc\u00f3 un logro en la historia de la tribu.<\/p><p>San Pasqual Band of Mission Indians es parte de la naci\u00f3n Kumeyaay del sur de California, un pueblo que se origin\u00f3 hace miles de a\u00f1os como cazadores y recolectores estacionales en el \u00e1rea.<\/p><p>La reserva original de San Pasqual fue aprobada en 1870 por el presidente Ulysses S. Grant. Abarcaba 92.000 acres y se extend\u00eda desde Ramona hasta Mount Woodson y Highland Valley hasta Lake Wohlford. Sin embargo, en 1901, muchos de los pueblos ind\u00edgenas fueron desalojados cuando la Corte Suprema de los Estados Unidos no cumpli\u00f3 con los tratados de derechos territoriales de los ind\u00edgenas establecidos con el gobierno mexicano. En 1903, el gobierno compr\u00f3 tierras y traslad\u00f3 algunos de los Kumeyaay all\u00ed, pero en 1910, se ampliaron varias reservas, incluida la de San Pasqual.   <\/p><p>Hoy en d\u00eda, la reserva se compone de cinco extensiones independientes no contiguas en las colinas onduladas de Valley Center. La San Pasqual Band se enorgullece de su herencia e historia, as\u00ed como del papel que juegan sus miembros en la comunidad local. <\/p><p>Para m\u00e1s informaci\u00f3n haga clic <a href=\"http:\/\/www.sanpasqualbandofmissionindians.org\/\" target=\"_blank\" rel=\"noopener\" aria-label=\"Opens in a new tab\">aqu\u00ed<\/a>.<\/p>\t\t\t\t\t\t\t\t<\/div>\n\t\t\t\t<\/div>\n\t\t\t\t\t<\/div>\n\t\t\t\t<\/div>\n\t\t\t\t\t<\/div>\n\t\t\t\t<\/div>\n\t\t\t\t<\/div>\n\t\t","protected":false},"excerpt":{"rendered":"<p>San Pasqual Band of Mission Indians Valley View Casino &amp; Hotel ha sido una visi\u00f3n de San Pasqual Band of Mission Indians durante muchos a\u00f1os y la gran inauguraci\u00f3n el [&hellip;]<\/p>\n","protected":false},"author":2,"featured_media":4404,"parent":4847,"menu_order":0,"comment_status":"closed","ping_status":"closed","template":"","meta":{"_acf_changed":false,"inline_featured_image":false,"footnotes":""},"class_list":["post-4628","page","type-page","status-publish","has-post-thumbnail","hentry"],"acf":[],"_links":{"self":[{"href":"https:\/\/valleyviewcasino.com\/es\/wp-json\/wp\/v2\/pages\/4628","targetHints":{"allow":["GET"]}}],"collection":[{"href":"https:\/\/valleyviewcasino.com\/es\/wp-json\/wp\/v2\/pages"}],"about":[{"href":"https:\/\/valleyviewcasino.com\/es\/wp-json\/wp\/v2\/types\/page"}],"author":[{"embeddable":true,"href":"https:\/\/valleyviewcasino.com\/es\/wp-json\/wp\/v2\/users\/2"}],"replies":[{"embeddable":true,"href":"https:\/\/valleyviewcasino.com\/es\/wp-json\/wp\/v2\/comments?post=4628"}],"version-history":[{"count":5,"href":"https:\/\/valleyviewcasino.com\/es\/wp-json\/wp\/v2\/pages\/4628\/revisions"}],"predecessor-version":[{"id":7725,"href":"https:\/\/valleyviewcasino.com\/es\/wp-json\/wp\/v2\/pages\/4628\/revisions\/7725"}],"up":[{"embeddable":true,"href":"https:\/\/valleyviewcasino.com\/es\/wp-json\/wp\/v2\/pages\/4847"}],"wp:featuredmedia":[{"embeddable":true,"href":"https:\/\/valleyviewcasino.com\/es\/wp-json\/wp\/v2\/media\/4404"}],"wp:attachment":[{"href":"https:\/\/valleyviewcasino.com\/es\/wp-json\/wp\/v2\/media?parent=4628"}],"curies":[{"name":"wp","href":"https:\/\/api.w.org\/{rel}","templated":true}]}}